{"id":120,"date":"2022-11-18T13:07:19","date_gmt":"2022-11-18T12:07:19","guid":{"rendered":"http:\/\/ploter.ovh\/?page_id=120"},"modified":"2022-12-09T12:27:40","modified_gmt":"2022-12-09T11:27:40","slug":"hp-designjet-t730","status":"publish","type":"page","link":"https:\/\/ploter.ovh\/index.php\/hp-designjet-t730\/","title":{"rendered":"hp designjet t730 36&#8243; (914mm)"},"content":{"rendered":"\n<figure class=\"wp-block-image\"><img decoding=\"async\" src=\"https:\/\/a.allegroimg.com\/original\/11d86d\/c06aa06347a2ada1a9029f87ca42\/Ploter-HP-DESIGNJET-T730-WiFi-GW12-SERWIS\" alt=\"Ploter HP DESIGNJET T730 WiFi GW12 SERWIS\"\/><\/figure>\n\n\n\n<h1 class=\"wp-block-heading\">Ploter HP DESIGNJET T730 36&#8243;<\/h1>\n\n\n\n<p><strong>Ta solidna, kompaktowa 36-calowa drukarka, b\u0119d\u0105ca inteligentn\u0105 inwestycj\u0105 dla architekt\u00f3w, in\u017cynier\u00f3w i specjalist\u00f3w budowlanych, z \u0142atwo\u015bci\u0105 dopasuje si\u0119 do Twojej firmy. Dzi\u0119ki wygodnym funkcjom mo\u017cesz skr\u00f3ci\u0107 czas\/marnotrawstwo. Wygodne drukowanie w podr\u00f3\u017cy dzi\u0119ki funkcji drukowania mobilnego HP.<\/strong><\/p>\n\n\n\n<p>Ide\u00adalne roz\u00adwi\u0105\u00adza\u00adnie do sto\u00adso\u00adwa\u00adnia w pracowniach projektowych lub na placu budowy, ponie\u00adwa\u017c jest ta solidna i kom\u00adpak\u00adtowa dru\u00adkarka. Zapew\u00adnia wydruki w for\u00adma\u00adcie A1 w ci\u0105gu 25 sekund i pomaga utrzy\u00adma\u0107 wydaj\u00adno\u015b\u0107 pracy dzi\u0119ki naprawd\u0119 du\u017cym wk\u0142a\u00addom atra\u00admen\u00adto\u00adwym ogra\u00adni\u00adcza\u00adj\u0105\u00adcym cz\u0119\u00adsto\u00adtli\u00adwo\u015b\u0107 ich wymiany. Pojemno\u015b\u0107 atrament\u00f3w to nawet do 300ml. Do wyboru s\u0105 wk\u0142ady atra\u00admen\u00adtowe HP o pojem\u00adno\u00ad\u015bci od 40 do 300 ml odpo\u00adwied\u00adnie nak\u0142ad\u00f3w, ilo\u015bci wydruk\u00f3w, du\u017ce wk\u0142ady ogra\u00adni\u00adczaj\u0105 cz\u0119\u00adste wymiany kartrid\u017c<strong>y.<\/strong><\/p>\n\n\n\n<p><\/p>\n\n\n\n<p>&#8212;&#8212;&#8212;&#8212;&#8212;&#8212;&#8212;&#8212;&#8212;&#8212;&#8212;&#8212;&#8212;&#8212;&#8212;&#8212;&#8212;&#8212;&#8212;&#8211;<\/p>\n\n\n\n<p><strong>Specyfikacja Ploter HP DesignJet T730 (914mm)<\/strong><\/p>\n\n\n\n<ul class=\"wp-block-list\">\n<li>Rozmiar \/ Format [mm] : 914 (A0+)<\/li>\n\n\n\n<li>Interfejsy komunikacyjne : USB , LAN \/ Ethernet , WiFi<\/li>\n\n\n\n<li>Pami\u0119\u0107 RAM : 1 GB<\/li>\n\n\n\n<li>Technologia druku : Termiczna HP Inkjet<\/li>\n\n\n\n<li>Rozdzielczo\u015b\u0107 druku [dpi] : 2400&#215;1200<\/li>\n\n\n\n<li>Wielko\u015b\u0107 kropli [pl] : 6 , 12<\/li>\n\n\n\n<li>Liczba dysz na g\u0142owicy: : 1376 na g\u0142owic\u0119<\/li>\n\n\n\n<li>Minimalna szeroko\u015b\u0107 linii [mm] : 0,07<\/li>\n\n\n\n<li>Precyzja linii [%] : +\/- 0,2<\/li>\n\n\n\n<li>Marginesy : 5 x 5 x 5 x 5 mm<\/li>\n\n\n\n<li>Szybko\u015b\u0107 drukowania : 25 sek \/ D1<\/li>\n\n\n\n<li>Pojemno\u015b\u0107 tuszy [ml] : 69 , 130 , 300 , 40<\/li>\n\n\n\n<li>Ilo\u015b\u0107 pojemnik\u00f3w z tuszem [szt] : 4<\/li>\n\n\n\n<li>Rodzaj atramentu : Barwnikowe (Czarny Matowy &#8211; Pigmentowy)<\/li>\n\n\n\n<li>Ilo\u015b\u0107 podajnik\u00f3w rolkowych : 1<\/li>\n\n\n\n<li>Gramatura no\u015bnika [g\/m2] : do 280<\/li>\n\n\n\n<li>D\u0142ugo\u015b\u0107 rolki (max) [m] : 50<\/li>\n\n\n\n<li>Maksymalna \u015brednica roli [mm] : 100<\/li>\n\n\n\n<li>Rodzaj no\u015bnik\u00f3w : Papier zwyk\u0142y , Papier powlekany , Papier samoprzylepny , Papier fotograficzny , Folia , Folia samoprzylepna , Kalka techniczna<\/li>\n\n\n\n<li>Minimalna szeroko\u015b\u0107 rolki [mm] : 279,4<\/li>\n\n\n\n<li>Maksymalna szeroko\u015b\u0107 rolki : 914mm (A0+)<\/li>\n\n\n\n<li>Obs\u0142ugiwane systemy operacyjne : Windows 2000 , Windows 7 , Windows 8 , Windows Server 2003 \/ 2008 , Windows Vista , OS X lub wy\u017cszy<\/li>\n\n\n\n<li>J\u0119zyk drukarki : HP-GL\/2 , HP RTL , TIFF , JPEG , CALS G4 , HP PCL 3 GUI , URF<\/li>\n\n\n\n<li>Zgodno\u015b\u0107 z protoko\u0142ami IPv6 : tak<\/li>\n\n\n\n<li>Certyfikaty CA\/JD : tak<\/li>\n\n\n\n<li>TLS\/SSL : tak<\/li>\n\n\n\n<li>Wy\u0142\u0105czanie interfejs\u00f3w : tak<\/li>\n\n\n\n<li>Wy\u0142\u0105czanie nap\u0119du USB : tak<\/li>\n\n\n\n<li>Wy\u0142\u0105czanie protoko\u0142\u00f3w : tak<\/li>\n\n\n\n<li>Zgodno\u015b\u0107 z protoko\u0142em SNMP v3 : tak<\/li>\n\n\n\n<li>Zgodno\u015b\u0107 ze standardem 802.1x : tak<\/li>\n\n\n\n<li>Zarz\u0105dzanie poprzez przegl\u0105darke WWW : tak<\/li>\n<\/ul>\n\n\n\n<p><strong>\u0141ATWE \u2014 wygodne drukowanie pomaga skr\u00f3ci\u0107 czas i zmniejszy\u0107 ilo\u015b\u0107 odpad\u00f3w<\/strong><\/p>\n\n\n\n<p>Zmniejsz ilo\u015b\u0107 odpad\u00f3w o 50% \u2014 drukuj w po\u0142owie skali z automatycznym podajnikiem arkuszy\/tac\u0105;&nbsp;ci\u0119cie dodatkowej pracy, odpady szerokich rolek.&nbsp;1<\/p>\n\n\n\n<p>Nie jest potrzebna sie\u0107 LAN \u2014 przenie\u015b t\u0119 drukark\u0119 w dowolnym momencie, w dowolne miejsce, do kt\u00f3rego mo\u017ce dotrze\u0107 sygna\u0142 Wi-Fi dzi\u0119ki \u0142\u0105czno\u015bci bezprzewodowej.&nbsp;2<\/p>\n\n\n\n<p>\u0141atwe drukowanie zestaw\u00f3w projekt\u00f3w i dokument\u00f3w PDF za pomoc\u0105 oprogramowania do drukowania HP Click.<\/p>\n\n\n\n<p><strong>MOBILNY \u2014 \u0142atwe drukowanie ze smartfona lub tabletu&nbsp;2<\/strong><\/p>\n\n\n\n<p>Drukuj z urz\u0105dze\u0144 przeno\u015bnych kilkoma klikni\u0119ciami dzi\u0119ki HP Mobile Printing&nbsp;2&nbsp;\u2014 szybko pracuj nad poprawkami.<\/p>\n\n\n\n<p>Je\u015bli jeste\u015b w podr\u00f3\u017cy, do\u0142\u0105cz dokument do wiadomo\u015bci e-mail i wy\u015blij go bezpo\u015brednio do drukarki za po\u015brednictwem us\u0142ugi ePrint.&nbsp;2<\/p>\n\n\n\n<p>U\u017cyj aplikacji HP Smart&nbsp;4&nbsp;, aby uzyska\u0107 dost\u0119p do dodatkowych funkcji drukowania podczas drukowania z urz\u0105dzenia mobilnego.<\/p>\n\n\n\n<p><strong>SMART \u2014 zainwestuj w solidn\u0105 drukark\u0119<\/strong><\/p>\n\n\n\n<p>Solidna, kompaktowa i profesjonalna \u2014 ta drukarka pasuje do Twojej firmy i zapewnia miejsce do pracy.<\/p>\n\n\n\n<p>Drukuje 3 razy szybciej ni\u017c poprzednie modele HP \u2014 zobacz wydruki w formacie A1\/D dostarczane w ci\u0105gu 25 sekund.<\/p>\n\n\n\n<p>Wybieraj spo\u015br\u00f3d wk\u0142ad\u00f3w atramentowych HP o pojemno\u015bci 130\/300 ml, kt\u00f3re pasuj\u0105 do liczby wydruk\u00f3w, a du\u017ce materia\u0142y eksploatacyjne mog\u0105 ograniczy\u0107 liczb\u0119 interwencji.<\/p>\n\n\n\n<figure class=\"wp-block-image\"><img decoding=\"async\" src=\"https:\/\/a.allegroimg.com\/original\/112a4f\/373b40a94f65a9dd73aa57faa40e\/Ploter-HP-DESIGNJET-T730-WiFi-GW12-SERWIS-EAN-GTIN-0889296886860\" alt=\"Ploter HP DESIGNJET T730 WiFi GW12 SERWIS EAN (GTIN) 0889296886860\"\/><\/figure>\n\n\n\n<figure class=\"wp-block-image\"><img decoding=\"async\" src=\"https:\/\/a.allegroimg.com\/original\/11166e\/6e62fab24519be290222c529f1eb\/Ploter-HP-DESIGNJET-T730-WiFi-GW12-SERWIS-Kod-producenta-F9A29D\" alt=\"Ploter HP DESIGNJET T730 WiFi GW12 SERWIS Kod producenta F9A29D\"\/><\/figure>\n\n\n\n<figure class=\"wp-block-image\"><img decoding=\"async\" src=\"https:\/\/a.allegroimg.com\/original\/118d1e\/bc6ea30d4814b7110c0445c8d0e8\/Ploter-HP-DESIGNJET-T730-WiFi-GW12-SERWIS-Model-T730\" alt=\"Ploter HP DESIGNJET T730 WiFi GW12 SERWIS Model T730\"\/><\/figure>\n","protected":false},"excerpt":{"rendered":"<p>Ploter HP DESIGNJET T730 36&#8243; Ta solidna, kompaktowa 36-calowa drukarka, b\u0119d\u0105ca inteligentn\u0105 inwestycj\u0105 dla architekt\u00f3w, in\u017cynier\u00f3w i specjalist\u00f3w budowlanych, z \u0142atwo\u015bci\u0105 dopasuje si\u0119 do Twojej firmy. Dzi\u0119ki wygodnym funkcjom mo\u017cesz skr\u00f3ci\u0107 czas\/marnotrawstwo. Wygodne drukowanie w podr\u00f3\u017cy dzi\u0119ki funkcji drukowania mobilnego HP. Ide\u00adalne roz\u00adwi\u0105\u00adza\u00adnie do sto\u00adso\u00adwa\u00adnia w pracowniach projektowych lub na placu budowy, ponie\u00adwa\u017c jest ta [&hellip;]<\/p>\n","protected":false},"author":1,"featured_media":121,"parent":0,"menu_order":0,"comment_status":"closed","ping_status":"closed","template":"","meta":{"om_disable_all_campaigns":false,"_mi_skip_tracking":false,"footnotes":""},"class_list":["post-120","page","type-page","status-publish","has-post-thumbnail","hentry"],"aioseo_notices":[],"_links":{"self":[{"href":"https:\/\/ploter.ovh\/index.php\/wp-json\/wp\/v2\/pages\/120","targetHints":{"allow":["GET"]}}],"collection":[{"href":"https:\/\/ploter.ovh\/index.php\/wp-json\/wp\/v2\/pages"}],"about":[{"href":"https:\/\/ploter.ovh\/index.php\/wp-json\/wp\/v2\/types\/page"}],"author":[{"embeddable":true,"href":"https:\/\/ploter.ovh\/index.php\/wp-json\/wp\/v2\/users\/1"}],"replies":[{"embeddable":true,"href":"https:\/\/ploter.ovh\/index.php\/wp-json\/wp\/v2\/comments?post=120"}],"version-history":[{"count":2,"href":"https:\/\/ploter.ovh\/index.php\/wp-json\/wp\/v2\/pages\/120\/revisions"}],"predecessor-version":[{"id":151,"href":"https:\/\/ploter.ovh\/index.php\/wp-json\/wp\/v2\/pages\/120\/revisions\/151"}],"wp:featuredmedia":[{"embeddable":true,"href":"https:\/\/ploter.ovh\/index.php\/wp-json\/wp\/v2\/media\/121"}],"wp:attachment":[{"href":"https:\/\/ploter.ovh\/index.php\/wp-json\/wp\/v2\/media?parent=120"}],"curies":[{"name":"wp","href":"https:\/\/api.w.org\/{rel}","templated":true}]}}