{"id":125,"date":"2022-11-18T13:33:29","date_gmt":"2022-11-18T12:33:29","guid":{"rendered":"http:\/\/ploter.ovh\/?page_id=125"},"modified":"2022-11-24T19:48:46","modified_gmt":"2022-11-24T18:48:46","slug":"hp-designjet-t920","status":"publish","type":"page","link":"https:\/\/ploter.ovh\/index.php\/hp-designjet-t920\/","title":{"rendered":"hp designjet t920"},"content":{"rendered":"\n<figure class=\"wp-block-image\"><img decoding=\"async\" src=\"https:\/\/a.allegroimg.com\/original\/11c411\/af22b802467a926d7053d524c5e7\/HP-DESIGNJET-T920-PostScript-PLOTER-A0-FV-GW\" alt=\"HP DESIGNJET T920 PostScript PLOTER A0 FV GW\"\/><\/figure>\n\n\n\n<p><\/p>\n\n\n\n<p>HP Designjet T920ps PostScript\u00ae<\/p>\n\n\n\n<p>Ploter do formatu\u00a0 A0 914 mm<\/p>\n\n\n\n<p>Rozdzielczo\u015b\u0107 druku 2400&#215;1200 dpi<\/p>\n\n\n\n<p>Podawanie papieru&nbsp; 1 rola<\/p>\n\n\n\n<p>Automatyczne obcinanie wydruku<\/p>\n\n\n\n<p>Urz\u0105dzenie posiada kart\u0119 sieciow\u0105 oraz USB<\/p>\n\n\n\n<p><\/p>\n\n\n\n<figure class=\"wp-block-image\"><img decoding=\"async\" src=\"https:\/\/a.allegroimg.com\/original\/113f07\/a22a64074022a1e435bfbee511b9\/HP-DESIGNJET-T920-PostScript-PLOTER-A0-FV-GW-Marka-HP\" alt=\"HP DESIGNJET T920 PostScript PLOTER A0 FV GW Marka HP\"\/><\/figure>\n\n\n\n<p><strong>Parametry podstawowe<\/strong><\/p>\n\n\n\n<p>technologia druku <strong>atramentowa<\/strong> (HP Inkjet)<\/p>\n\n\n\n<p>format <strong>A0<\/strong><\/p>\n\n\n\n<p>ilo\u015b\u0107 wk\u0142ad\u00f3w z atramentem <strong>6<\/strong><\/p>\n\n\n\n<p>ilo\u015b\u0107 g\u0142owic <strong>1<\/strong> (C, G, M, mK, pK, Y)<\/p>\n\n\n\n<p>wielko\u015b\u0107 kropli <strong>6<\/strong> pl C, M, Y, G, pK) <strong>9<\/strong> pl (mK)<\/p>\n\n\n\n<p>precyzja linii \u00b1 <strong>0,1<\/strong> %<\/p>\n\n\n\n<p>standardowa pami\u0119\u0107 <strong>32000<\/strong> MB<\/p>\n\n\n\n<p>maksymalna pami\u0119\u0107 <strong>32000<\/strong> MB<\/p>\n\n\n\n<p>pojemno\u015b\u0107 dysku twardego <strong>320<\/strong> GB<\/p>\n\n\n\n<p>poziom ha\u0142asu max <strong>47<\/strong> dB<\/p>\n\n\n\n<p><strong>Parametry Druku<\/strong><\/p>\n\n\n\n<p>typ atramentu&nbsp; <strong>Barwnikowe (C, G, M, pK, Y), Pigmentowe (czarny matowy)<\/strong><\/p>\n\n\n\n<p>rozdzielczo\u015b\u0107 druku mono <strong>2400&#215;1200<\/strong> dpi (rozdzielczo\u015b\u0107 optymalizowana)<\/p>\n\n\n\n<p>rozdzielczo\u015b\u0107 druku w kolorze <strong>2400&#215;1200<\/strong> dpi (rozdzielczo\u015b\u0107 optymalizowana)<\/p>\n\n\n\n<p>szybko\u015b\u0107 drukowania monochromatycznego do <strong>2<\/strong> stron\/min (tryb ekonomiczny, format A1, papier zwyk\u0142y &#8211; 21s\/str.)<\/p>\n\n\n\n<p>szybko\u015b\u0107 drukowania w kolorze do <strong>2<\/strong> stron\/min (tryb ekonomiczny, format A1, papier zwyk\u0142y &#8211; 21s\/str.)<\/p>\n\n\n\n<p>marginesy g\u00f3rny: <strong>3<\/strong> mm (rolka, 3 mm &#8211; arkusz), dolny: <strong>3<\/strong> mm (rolka, 22 mm &#8211; arkusz), lewy: <strong>3<\/strong> mm (rolka, 3 mm &#8211; arkusz), prawy: <strong>3<\/strong> mm (rolka, 3 mm &#8211; arkusz)<\/p>\n\n\n\n<p><strong>Obs\u0142uga No\u015bnik\u00f3w<\/strong><\/p>\n\n\n\n<p>gramatura papieru do <strong>280<\/strong> g\/m\u00b2<\/p>\n\n\n\n<p>grubo\u015b\u0107 no\u015bnika max <strong>0,5<\/strong> mm<\/p>\n\n\n\n<p>odbiornik papieru <strong>tak<\/strong> (z uk\u0142adaniem)<\/p>\n\n\n\n<p>niestandardowe wymiary no\u015bnik\u00f3w (szeroko\u015b\u0107) min <strong>210<\/strong> mm, max <strong>914<\/strong> mm<\/p>\n\n\n\n<p>niestandardowe wymiary no\u015bnik\u00f3w (d\u0142ugo\u015b\u0107) min <strong>279<\/strong> mm , max <strong>1219<\/strong> mm<\/p>\n\n\n\n<p>szeroko\u015b\u0107 rolki do: <strong>36<\/strong> cali<\/p>\n\n\n\n<p>\u015brednica rolki do <strong>140<\/strong> mm<\/p>\n\n\n\n<p>obs\u0142ugiwane rodzaje no\u015bnik\u00f3w <strong>papier typu bond i powlekany<\/strong> (bond, powlekany, powlekany o wysokiej gramaturze, papier o bardzo wysokiej gramaturze oraz matowy, kolorowy), <strong>papier techniczny<\/strong> (kalka kre\u015blarska, papier bond p\u00f3\u0142przezroczysty, welinowy), <strong>folia<\/strong> (przezroczysta, matowa, poliestrowa), <strong>papier fotograficzny<\/strong> (satynowany, b\u0142yszcz\u0105cy, p\u00f3\u0142b\u0142yszcz\u0105cy, matowy, o wysokim po\u0142ysku), <strong>no\u015bnik pod\u015bwietlany, <\/strong><strong>no\u015bnik samoprzylepny<\/strong> (two-view cling, papier do u\u017cytku w pomieszczeniach, polipropylenowy, winylowy),<\/p>\n\n\n\n<p>obs\u0142ugiwane formaty no\u015bnik\u00f3w <strong>A0,<\/strong><strong>A1,<\/strong><strong>A2,<\/strong><strong>A3,<\/strong><strong>A4<\/strong><\/p>\n\n\n\n<p>automatyczne odcinanie no\u015bnika <strong>tak<\/strong><\/p>\n\n\n\n<p><strong>J\u0119zyki i Emulacje<\/strong><\/p>\n\n\n\n<p>standardowe j\u0119zyki drukarki&nbsp;<strong>HP-GL\/2, <\/strong><strong>HP-RTL, <\/strong><strong>TIFF, <\/strong><strong>JPEG, <\/strong><strong>CALS G4, <\/strong><strong>HP PCL 3 GUI, <\/strong><strong>URF, <\/strong>Adobe <strong>PostScript 3, <\/strong>Adobe <strong>PDF 1.7<\/strong> Extension Level 3<\/p>\n\n\n\n<p><strong>Komunikacja<\/strong><\/p>\n\n\n\n<p>ethernet &#8211; druk w sieci LAN <strong>tak<\/strong><\/p>\n\n\n\n<p>standardowe rozwi\u0105zania komunikacyjne <strong>Ethernet<\/strong> (1000Base-T),USB<\/p>\n\n\n\n<p><strong>Wymiary i Waga<\/strong><\/p>\n\n\n\n<p>waga produktu (netto) ok. <strong>87<\/strong> kg<\/p>\n\n\n\n<p>szeroko\u015b\u0107 <strong>1399<\/strong> mm<\/p>\n\n\n\n<p>g\u0142\u0119boko\u015b\u0107 <strong>916<\/strong> mm<\/p>\n\n\n\n<p>wysoko\u015b\u0107 <strong>1110<\/strong> mm<\/p>\n\n\n\n<p>Warunki \u015arodowiskowe&nbsp; dopuszczalna wilgotno\u015b\u0107 wzgl\u0119dna podczas eksploatacji min <strong>20<\/strong> %, max <strong>80<\/strong> %<\/p>\n\n\n\n<p>zalecany zakres temperatur podczas eksploatacji min <strong>5<\/strong> \u00b0C, max <strong>40<\/strong> \u00b0C<\/p>\n\n\n\n<p><strong>Zasilanie<\/strong><\/p>\n\n\n\n<p>rodzaj zasilania <strong>sieciowe AC (100-240V)<\/strong><\/p>\n\n\n\n<p>zu\u017cycie energii max <strong>120<\/strong> W<\/p>\n\n\n\n<p>Energy Star <strong>tak<\/strong><\/p>\n\n\n\n<p><strong>Wymagania Systemowe<\/strong><\/p>\n\n\n\n<p><strong>Windows 10 (wersja 32\/64 bitowa), Windows 8.1 (wersja 32\/64 bitowa), Windows 8 (wersja 32\/64 bitowa), Windows 7 (wersja 32\/64 bitowa), Windows Vista (wersja 32\/64 bitowa), Windows XP (wersja 32\/64 bitowa),<\/strong><strong>Windows Server 2019, Windows Server 2016, Windows Server 2012, Windows Server 2012 R2, Windows Server 2008 R2, Windows Server 2008 W32, Windows Server 2008 x64, Windows Server 2008 Small Business,<\/strong><strong>Windows Server 2008 Italianum, Windows Server 2008 Foundation Edition, Windows Server 2008 Essential Business, Windows Server 2003, <\/strong><strong>Mac OS 10.14, Mac OS 10.13, Mac OS 10.12, Mac OS X 10.11, Mac OS X 10.10, Mac OS X 10.9, <\/strong><strong>Linux<\/strong><\/p>\n","protected":false},"excerpt":{"rendered":"<p>HP Designjet T920ps PostScript\u00ae Ploter do formatu\u00a0 A0 914 mm Rozdzielczo\u015b\u0107 druku 2400&#215;1200 dpi Podawanie papieru&nbsp; 1 rola Automatyczne obcinanie wydruku Urz\u0105dzenie posiada kart\u0119 sieciow\u0105 oraz USB Parametry podstawowe technologia druku atramentowa (HP Inkjet) format A0 ilo\u015b\u0107 wk\u0142ad\u00f3w z atramentem 6 ilo\u015b\u0107 g\u0142owic 1 (C, G, M, mK, pK, Y) wielko\u015b\u0107 kropli 6 pl C, [&hellip;]<\/p>\n","protected":false},"author":1,"featured_media":126,"parent":0,"menu_order":0,"comment_status":"closed","ping_status":"closed","template":"","meta":{"om_disable_all_campaigns":false,"_mi_skip_tracking":false,"footnotes":""},"class_list":["post-125","page","type-page","status-publish","has-post-thumbnail","hentry"],"aioseo_notices":[],"_links":{"self":[{"href":"https:\/\/ploter.ovh\/index.php\/wp-json\/wp\/v2\/pages\/125","targetHints":{"allow":["GET"]}}],"collection":[{"href":"https:\/\/ploter.ovh\/index.php\/wp-json\/wp\/v2\/pages"}],"about":[{"href":"https:\/\/ploter.ovh\/index.php\/wp-json\/wp\/v2\/types\/page"}],"author":[{"embeddable":true,"href":"https:\/\/ploter.ovh\/index.php\/wp-json\/wp\/v2\/users\/1"}],"replies":[{"embeddable":true,"href":"https:\/\/ploter.ovh\/index.php\/wp-json\/wp\/v2\/comments?post=125"}],"version-history":[{"count":3,"href":"https:\/\/ploter.ovh\/index.php\/wp-json\/wp\/v2\/pages\/125\/revisions"}],"predecessor-version":[{"id":174,"href":"https:\/\/ploter.ovh\/index.php\/wp-json\/wp\/v2\/pages\/125\/revisions\/174"}],"wp:featuredmedia":[{"embeddable":true,"href":"https:\/\/ploter.ovh\/index.php\/wp-json\/wp\/v2\/media\/126"}],"wp:attachment":[{"href":"https:\/\/ploter.ovh\/index.php\/wp-json\/wp\/v2\/media?parent=125"}],"curies":[{"name":"wp","href":"https:\/\/api.w.org\/{rel}","templated":true}]}}