{"id":132,"date":"2022-11-18T14:21:28","date_gmt":"2022-11-18T13:21:28","guid":{"rendered":"http:\/\/ploter.ovh\/?page_id=132"},"modified":"2022-11-18T14:21:28","modified_gmt":"2022-11-18T13:21:28","slug":"hp-designjet-t1300","status":"publish","type":"page","link":"https:\/\/ploter.ovh\/index.php\/hp-designjet-t1300\/","title":{"rendered":"hp designjet t1300"},"content":{"rendered":"\n<h1 class=\"wp-block-heading\">HP DesignJet T1300 44&#8243; A0<\/h1>\n\n\n\n<figure class=\"wp-block-image\"><img decoding=\"async\" src=\"https:\/\/a.allegroimg.com\/original\/11a07e\/126f7f464356982fdadf670554a3\/HP-Designjet-T1300-A0-44-fv-gw\" alt=\"HP Designjet T1300 A0 44'' fv gw\"\/><\/figure>\n\n\n\n<p>HP u\u0142atwia drukowanie i udost\u0119pnianie materia\u0142\u00f3w dzi\u0119ki pierwszej wielkoformatowej e-drukarce przeznaczonej dla zespo\u0142\u00f3w roboczych. Wsp\u00f3\u0142praca i drukowanie w dowolnym miejscu. Wykorzystaj funkcje, kt\u00f3re zwi\u0119kszaj\u0105 produktywno\u015b\u0107. Oszcz\u0119dzaj czas i pieni\u0105dze dzi\u0119ki narz\u0119dziom u\u0142atwiaj\u0105cym drukowanie.<\/p>\n\n\n\n<p><strong>Funkcje<\/strong><\/p>\n\n\n\n<p><strong>Certyfikat ENERGY STAR\u00ae<\/strong><\/p>\n\n\n\n<ul class=\"wp-block-list\">\n<li>Oszcz\u0119dno\u015b\u0107 papieru dzi\u0119ki automatycznym ustawieniom druku i konfiguracji zawieraj\u0105cej dwie role.<\/li>\n\n\n\n<li>Mniejsze zu\u017cycie atramentu dzi\u0119ki efektywnej instalacji i konserwacji.<\/li>\n\n\n\n<li>Obs\u0142uga papier\u00f3w HP [3] z certyfikatem FSC\u2122 [2] i PEFC.<\/li>\n<\/ul>\n\n\n\n<p><strong>U\u017cywanie tej intuicyjnej i \u0142atwej w obs\u0142udze drukarki to czysta przyjemno\u015b\u0107.<\/strong><\/p>\n\n\n\n<ul class=\"wp-block-list\">\n<li>Drukowanie do ka\u017cdej drukarki HP Designjet bez instalowania sterownik\u00f3w dzi\u0119ki bezp\u0142atnej funkcji HP ePrint &amp; Share1.<\/li>\n\n\n\n<li>Precyzyjny podgl\u0105d wydruk\u00f3w pozwala zaoszcz\u0119dzi\u0107 czas, a kolorowy ekran dotykowy u\u0142atwia drukowanie.<\/li>\n\n\n\n<li>Zabezpiecz swoj\u0105 inwestycj\u0119 \u2014 e-drukarka HP oferuje po\u0142\u0105czenie z Internetem i mo\u017cliwo\u015b\u0107 \u0142atwej rozbudowy. Aktualizacje oprogramowania odbywaj\u0105 si\u0119 automatycznie co sze\u015b\u0107 miesi\u0119cy.<\/li>\n\n\n\n<li>Mo\u017cna utworzy\u0107 gotowy do druku plik PDF 2 podczas drukowania z HP ePrint &amp; Share1.<\/li>\n<\/ul>\n\n\n\n<p><strong>Mo\u017cna zrobi\u0107 wi\u0119cej w kr\u00f3tszym czasie dzi\u0119ki dw\u00f3m rolkom oraz szybkiej konfiguracji, drukowaniu i udost\u0119pnianiu.<\/strong><\/p>\n\n\n\n<ul class=\"wp-block-list\">\n<li>Dwie role zapewniaj\u0105 oszcz\u0119dno\u015b\u0107 czasu i papieru. Do drukarki mo\u017cna za\u0142adowa\u0107 papier identycznego lub r\u00f3\u017cnego formatu i typu.<\/li>\n\n\n\n<li>Szybkie wykonywanie zada\u0144 z zachowaniem wysokiej jako\u015bci. Drukowanie 2 arkuszy w formacie A1 na minut\u0119 w trybie ekonomicznym.<\/li>\n\n\n\n<li>Rezultaty wysokiej jako\u015bci \u2014 6-atramentowy system druku zawiera czarny atrament matowy i fotograficzny oraz szary atrament, aby zapewni\u0107 prawdziwie neutralne szaro\u015bci i szerok\u0105 gam\u0119 \u017cywych kolor\u00f3w na papierze zwyk\u0142ym i b\u0142yszcz\u0105cym.<\/li>\n\n\n\n<li>Funkcje takie, jak HP Web Jetadmin i wbudowany serwer WWW zapewniaj\u0105 wysoki poziom bezpiecze\u0144stwa i \u0142atwe zarz\u0105dzanie.<\/li>\n<\/ul>\n\n\n\n<p><strong>Otwieraj i drukuj pliki gdziekolwiek jeste\u015b.<\/strong><\/p>\n\n\n\n<ul class=\"wp-block-list\">\n<li>Drukowanie plik\u00f3w TIFF, JPEG i PDF3 bezpo\u015brednio w dysku flash USB \u2014 bez komputera.<\/li>\n\n\n\n<li>Skorzystaj z ekranu dotykowego drukarki \u2014 otwieraj pliki znajduj\u0105ce si\u0119 w sieci i drukuj je dzi\u0119ki funkcji HP ePrint &amp; Share1.<\/li>\n\n\n\n<li>Funkcja HP ePrint &amp; Share1 pozwala wybiera\u0107 i udost\u0119pnia\u0107 projekty za pomoc\u0105 ekranu dotykowego.<\/li>\n<\/ul>\n\n\n\n<p>1 HP ePrint &amp; Share to bezp\u0142atne rozwi\u0105zanie do druku przez Internet, kt\u00f3re pozwala u\u017cytkownikom automatycznie zarz\u0105dza\u0107 tre\u015bciami online. Ta opcja wymaga po\u0142\u0105czenia z Internetem. Narz\u0119dzie HP ePrint &amp; Share mo\u017cna pobra\u0107 ze strony WWW producenta.<\/p>\n\n\n\n<p>2 Wymaga modu\u0142u dodatkowego programu AutoCAD.<\/p>\n\n\n\n<p>3 Pliki PDF s\u0105 dost\u0119pne jedynie z akcesorium PostScript (wyposa\u017cenie opcjonalne, kt\u00f3re nale\u017cy zakupi\u0107 oddzielnie) lub po zakupieniu wersji PS.<\/p>\n\n\n\n<h1 class=\"wp-block-heading\">Informacje o sprz\u0119cie:<\/h1>\n\n\n\n<ul class=\"wp-block-list\">\n<li><strong>Symbol towaru :<\/strong>&nbsp;15934<\/li>\n\n\n\n<li><strong>Zu\u017cycie papieru m2 : <\/strong>10 700<\/li>\n\n\n\n<li><strong>\u0141\u0105czne zu\u017cycie tuszu ml :&nbsp; <\/strong>2699<\/li>\n\n\n\n<li><strong>Zainstalowane oryginalne materia\u0142y HP<\/strong><\/li>\n\n\n\n<li><strong>Pami\u0119\u0107 dysku :<\/strong> 160GB<\/li>\n\n\n\n<li><strong>J\u0119zyk drukarki : <\/strong>HP-GL\/2, TIFF, JPEG, CALS G4, PCL 3<\/li>\n<\/ul>\n\n\n\n<h1 class=\"wp-block-heading\">Najwa\u017cniejsze parametry:<\/h1>\n\n\n\n<ul class=\"wp-block-list\">\n<li>Obs\u0142ugiwane formaty no\u015bnik\u00f3w <strong>A4, <\/strong><strong>A3, <\/strong><strong>A2, <\/strong><strong>A1, <\/strong><strong>A0<\/strong><\/li>\n\n\n\n<li>Rozdzielczo\u015b\u0107 druku: <strong>1 200 x 1 200 dpi,<\/strong><\/li>\n\n\n\n<li>Interfejs USB<strong> &#8211; <\/strong>szybka i prosta instalacja,<\/li>\n\n\n\n<li>Ethernet <strong>&#8211; druk w sieci LAN<\/strong><\/li>\n\n\n\n<li>Gramatura papieru<strong> : do 328 g\/m\u00b2<\/strong><\/li>\n\n\n\n<li><strong>Obs\u0142ugiwane rodzaje no\u015bnik\u00f3w<\/strong>: <strong>papier typu bond i powlekany<\/strong> (bond, powlekany, powlekany o wysokiej gramaturze, papier o bardzo wysokiej gramaturze oraz matowy, kolorowy), <strong>papier techniczny<\/strong> (kalka kre\u015blarska, papier bond p\u00f3\u0142przezroczysty, welinowy), <strong>folia<\/strong> (przezroczysta, matowa, poliestrowa), <strong>papier fotograficzny<\/strong> (satynowany, b\u0142yszcz\u0105cy, p\u00f3\u0142b\u0142yszcz\u0105cy, matowy, o wysokim po\u0142ysku), <strong>no\u015bnik pod\u015bwietlany, no\u015bnik samoprzylepny<\/strong> (two-view cling, papier do u\u017cytku w pomieszczeniach, polipropylenowy, winylowy)<\/li>\n<\/ul>\n\n\n\n<figure class=\"wp-block-image\"><img decoding=\"async\" src=\"https:\/\/a.allegroimg.com\/original\/11bca2\/f5af510a450d8ac78d66273eec67\/HP-Designjet-T1300-A0-44-fv-gw-Kod-producenta-CR651A\" alt=\"HP Designjet T1300 A0 44'' fv gw Kod producenta CR651A\"\/><\/figure>\n","protected":false},"excerpt":{"rendered":"<p>HP DesignJet T1300 44&#8243; A0 HP u\u0142atwia drukowanie i udost\u0119pnianie materia\u0142\u00f3w dzi\u0119ki pierwszej wielkoformatowej e-drukarce przeznaczonej dla zespo\u0142\u00f3w roboczych. Wsp\u00f3\u0142praca i drukowanie w dowolnym miejscu. Wykorzystaj funkcje, kt\u00f3re zwi\u0119kszaj\u0105 produktywno\u015b\u0107. Oszcz\u0119dzaj czas i pieni\u0105dze dzi\u0119ki narz\u0119dziom u\u0142atwiaj\u0105cym drukowanie. Funkcje Certyfikat ENERGY STAR\u00ae U\u017cywanie tej intuicyjnej i \u0142atwej w obs\u0142udze drukarki to czysta przyjemno\u015b\u0107. Mo\u017cna zrobi\u0107 [&hellip;]<\/p>\n","protected":false},"author":1,"featured_media":133,"parent":0,"menu_order":0,"comment_status":"closed","ping_status":"closed","template":"","meta":{"om_disable_all_campaigns":false,"_mi_skip_tracking":false,"footnotes":""},"class_list":["post-132","page","type-page","status-publish","has-post-thumbnail","hentry"],"aioseo_notices":[],"_links":{"self":[{"href":"https:\/\/ploter.ovh\/index.php\/wp-json\/wp\/v2\/pages\/132","targetHints":{"allow":["GET"]}}],"collection":[{"href":"https:\/\/ploter.ovh\/index.php\/wp-json\/wp\/v2\/pages"}],"about":[{"href":"https:\/\/ploter.ovh\/index.php\/wp-json\/wp\/v2\/types\/page"}],"author":[{"embeddable":true,"href":"https:\/\/ploter.ovh\/index.php\/wp-json\/wp\/v2\/users\/1"}],"replies":[{"embeddable":true,"href":"https:\/\/ploter.ovh\/index.php\/wp-json\/wp\/v2\/comments?post=132"}],"version-history":[{"count":1,"href":"https:\/\/ploter.ovh\/index.php\/wp-json\/wp\/v2\/pages\/132\/revisions"}],"predecessor-version":[{"id":134,"href":"https:\/\/ploter.ovh\/index.php\/wp-json\/wp\/v2\/pages\/132\/revisions\/134"}],"wp:featuredmedia":[{"embeddable":true,"href":"https:\/\/ploter.ovh\/index.php\/wp-json\/wp\/v2\/media\/133"}],"wp:attachment":[{"href":"https:\/\/ploter.ovh\/index.php\/wp-json\/wp\/v2\/media?parent=132"}],"curies":[{"name":"wp","href":"https:\/\/api.w.org\/{rel}","templated":true}]}}