{"id":135,"date":"2022-11-18T14:23:32","date_gmt":"2022-11-18T13:23:32","guid":{"rendered":"http:\/\/ploter.ovh\/?page_id=135"},"modified":"2022-11-18T14:23:32","modified_gmt":"2022-11-18T13:23:32","slug":"hp-designjet-t2300","status":"publish","type":"page","link":"https:\/\/ploter.ovh\/index.php\/hp-designjet-t2300\/","title":{"rendered":"hp designjet t2300"},"content":{"rendered":"\n<h1 class=\"wp-block-heading\">HP Designjet T2300 MFP 1118mm<\/h1>\n\n\n\n<p><\/p>\n\n\n\n<figure class=\"wp-block-image\"><img decoding=\"async\" src=\"https:\/\/a.allegroimg.com\/original\/11b112\/91ee356e4e568dc19f1f0e09ecfd\/HP-DESIGNJET-T2300-MFP-2141-28450m2-fv-gw-Marka-HP\" alt=\"HP DESIGNJET T2300 MFP 2141 28450m2 fv gw Marka HP\"\/><\/figure>\n\n\n\n<p>Specyfikacje<\/p>\n\n\n\n<ul class=\"wp-block-list\">\n<li><strong>Rozmiar modelu Designjet (miary metryczne):<\/strong> 1118 mm<\/li>\n<\/ul>\n\n\n\n<p>Funkcje<\/p>\n\n\n\n<ul class=\"wp-block-list\">\n<li><strong>Funkcje:<\/strong> Drukowanie, kopiowanie, skanowanie<\/li>\n<\/ul>\n\n\n\n<p>Pr\u0119dko\u015b\u0107 druku<\/p>\n\n\n\n<ul class=\"wp-block-list\">\n<li><strong>Pr\u0119dko\u015b\u0107 drukowania kolorowej grafiki (tryb draft, format A1, papier zwyk\u0142y):<\/strong> Pr\u0119dko\u015b\u0107 druku rysunk\u00f3w kreskowych w czerni (tryb draft, format A1, zwyk\u0142y papier)<\/li>\n\n\n\n<li><strong>80 wydruki w formacie A1 na godzin\u0119:<\/strong> 80 wydruki w formacie A1 na godzin\u0119<\/li>\n<\/ul>\n\n\n\n<p>Pami\u0119\u0107<\/p>\n\n\n\n<ul class=\"wp-block-list\">\n<li><strong>Standardowa pami\u0119\u0107:<\/strong> Pojemno\u015b\u0107 dysku twardego<\/li>\n\n\n\n<li><strong>32 GB:<\/strong> Standardowo 160 GB<\/li>\n<\/ul>\n\n\n\n<p>Drukowanie<\/p>\n\n\n\n<ul class=\"wp-block-list\">\n<li><strong>Technologia druku:<\/strong> Technologia termiczna HP Inkjet<\/li>\n\n\n\n<li><strong>Liczba wk\u0142ad\u00f3w drukuj\u0105cych:<\/strong> 6 (b\u0142\u0119kitny, szary, purpurowy, czarny matowy, czarny fotograficzny, \u017c\u00f3\u0142ty)<\/li>\n\n\n\n<li><strong>Zgodne rodzaje atrament\u00f3w:<\/strong> Barwnikowe (C, M, Y, G, pK); pigmentowe (mK)<\/li>\n\n\n\n<li><strong>Maks. pojemno\u015b\u0107 odbiornika na no\u015bnik w roli:<\/strong> 91 m (w zale\u017cno\u015bci od aplikacji)<\/li>\n\n\n\n<li><strong>Gwarantowana min szeroko\u015b\u0107 wiersza:<\/strong> 0,06 mm (ISO\/IEC 13660:2001(E))<\/li>\n\n\n\n<li><strong>Dok\u0142adno\u015b\u0107 linii:<\/strong> +\/- 0.1%<\/li>\n\n\n\n<li><strong>Standardowe rozwi\u0105zania komunikacyjne:<\/strong> Gigabit Ethernet (1000Base-T); Gniazdo akcesori\u00f3w EIO Jetdirect; Hi-Speed USB 2.0<\/li>\n\n\n\n<li><strong>Standardowe j\u0119zyki drukarki:<\/strong> Adobe PostScript\u00ae 3, Adobe PDF 1.7, TIFF, JPEG, HP-GL\/2, HP-RTL, CALS G4, HP PCL 3 GUI<\/li>\n<\/ul>\n\n\n\n<p>Obs\u0142uga papieru<\/p>\n\n\n\n<ul class=\"wp-block-list\">\n<li><strong>Podawanie no\u015bnik\u00f3w, wyka\u0144czanie dokument\u00f3w:<\/strong> Drukarka: podawanie arkuszy, dwa automatyczne podajniki rolek, automatyczne prze\u0142\u0105czanie rolek, automatyczna obcinarka; skaner: prosta \u015bcie\u017cka papieru umo\u017cliwiaj\u0105ca skanowanie zwyk\u0142ych arkuszy i tekturowych orygina\u0142\u00f3w<\/li>\n\n\n\n<li><strong>No\u015bniki:<\/strong> Drukarka: papier typu bond i powlekany, papier techniczny, folia, papier fotograficzny, pod\u015bwietlany, samoprzylepny; skaner: papier o g\u0142adkiej powierzchni, papier welinowy, p\u00f3\u0142przezroczysty, mylar, ekologiczny, \u015bwiat\u0142okopie, kartony (nie mog\u0105 by\u0107 wykorzystywane takie materia\u0142y jak sklejka, p\u0142ytki kamienne i metalowe lub materia\u0142y \u015bcierne, materia\u0142y zabrudzone, szorstkie, z ostrymi kraw\u0119dziami, spi\u0119te metalem, o wypalonej powierzchni lub folie)<\/li>\n\n\n\n<li><strong>Zalecana gramatura no\u015bnik\u00f3w:<\/strong> od 60 do 328 g\/m\u00b2<\/li>\n\n\n\n<li><strong>Obs\u0142ugiwane formaty no\u015bnik\u00f3w:<\/strong> A4; A3; A2; A1; A0<\/li>\n\n\n\n<li><strong>\u015arednica zewn\u0119trzna roli:<\/strong> 135 mm<\/li>\n\n\n\n<li><strong>Grubo\u015b\u0107 no\u015bnik\u00f3w (wed\u0142ug \u015bcie\u017cki prowadzenia papieru):<\/strong> Do 0,8 mm<\/li>\n<\/ul>\n\n\n\n<p>Skanowanie<\/p>\n\n\n\n<ul class=\"wp-block-list\">\n<li><strong>Szybko\u015b\u0107 skanowania liniowego:<\/strong> Do 3,81 cm\/s (w kolorze, 200 dpi); do 11,43 cm\/s (skala szaro\u015bci, 200 dpi)<\/li>\n\n\n\n<li><strong>Jako\u015b\u0107 skanowania w kolorze (tryb best):<\/strong> 600 x 600 dpi<\/li>\n\n\n\n<li><strong>Optyczna rozdzielczo\u015b\u0107 skanowania:<\/strong> Do 600 dpi<\/li>\n\n\n\n<li><strong>Rozdzielczo\u015b\u0107 skanowania sprz\u0119towego:<\/strong> Do 600 dpi<\/li>\n\n\n\n<li><strong>Typ skanera:<\/strong> Podajnik na pojedyncze arkusze, czujnik Contact Image Sensor<\/li>\n\n\n\n<li><strong>Maks. format skanowania (skaner p\u0142aski):<\/strong> 91,4&#215;237,8 cm<\/li>\n<\/ul>\n\n\n\n<p>Kopiowanie<\/p>\n\n\n\n<ul class=\"wp-block-list\">\n<li><strong>Zmniejszanie\/powi\u0119kszanie kopii:<\/strong> Maksymalna liczba kopii<\/li>\n\n\n\n<li><strong>25 do 400%:<\/strong> Do 99 kopii<\/li>\n<\/ul>\n\n\n\n<p>Wymagania dotycz\u0105ce zasilania i eksploatacji<\/p>\n\n\n\n<ul class=\"wp-block-list\">\n<li><strong>Zu\u017cycie energii:<\/strong> &lt; 120 W (druk); &lt; 41 W (oczekiwanie); &lt; 11 W \/ &lt; 28 W z wbudowanym rozwi\u0105zaniem Digital Front End (tryb u\u015bpienia); &lt; 0,1 W (urz\u0105dzenie wy\u0142.)<\/li>\n\n\n\n<li><strong>Dopuszczalna wilgotno\u015b\u0107 wzgl\u0119dna podczas eksploatacji:<\/strong> Wilgotno\u015b\u0107 wzgl. 20\u201380%<\/li>\n\n\n\n<li><strong>Zakres temperatur podczas eksploatacji:<\/strong> od 5 to 40\u00b0C<\/li>\n<\/ul>\n\n\n\n<p>Obs\u0142ugiwane systemy operacyjne<\/p>\n\n\n\n<ul class=\"wp-block-list\">\n<li><strong>Obs\u0142ugiwane systemy operacyjne:<\/strong> Windows\u00ae 7 Ultimate\/Professional\/Home Premium; Windows Vista\u00ae Ultimate\/Business\/Home Premium; Microsoft\u00ae Windows\u00ae XP Professional\/Home (32- i 64-bitowy), Server 2008 (32- i 64-bitowy), Server 2003 (32- i 64-bitowy); Mac OS X v10.4, v10.5, v10.6; Citrix\u00ae XenApp; Citrix\u00ae XenServer; Linux (patrz http:\/\/www.hplip.net)<\/li>\n<\/ul>\n\n\n\n<p>Wymiary i waga<\/p>\n\n\n\n<ul class=\"wp-block-list\">\n<li><strong>Wymary (szer. x g\u0142\u0119b. x wys.):<\/strong> 1771 x 1010 x 1124 mm<\/li>\n<\/ul>\n","protected":false},"excerpt":{"rendered":"<p>HP Designjet T2300 MFP 1118mm Specyfikacje Funkcje Pr\u0119dko\u015b\u0107 druku Pami\u0119\u0107 Drukowanie Obs\u0142uga papieru Skanowanie Kopiowanie Wymagania dotycz\u0105ce zasilania i eksploatacji Obs\u0142ugiwane systemy operacyjne Wymiary i waga<\/p>\n","protected":false},"author":1,"featured_media":136,"parent":0,"menu_order":0,"comment_status":"closed","ping_status":"closed","template":"","meta":{"om_disable_all_campaigns":false,"_mi_skip_tracking":false,"footnotes":""},"class_list":["post-135","page","type-page","status-publish","has-post-thumbnail","hentry"],"aioseo_notices":[],"_links":{"self":[{"href":"https:\/\/ploter.ovh\/index.php\/wp-json\/wp\/v2\/pages\/135","targetHints":{"allow":["GET"]}}],"collection":[{"href":"https:\/\/ploter.ovh\/index.php\/wp-json\/wp\/v2\/pages"}],"about":[{"href":"https:\/\/ploter.ovh\/index.php\/wp-json\/wp\/v2\/types\/page"}],"author":[{"embeddable":true,"href":"https:\/\/ploter.ovh\/index.php\/wp-json\/wp\/v2\/users\/1"}],"replies":[{"embeddable":true,"href":"https:\/\/ploter.ovh\/index.php\/wp-json\/wp\/v2\/comments?post=135"}],"version-history":[{"count":1,"href":"https:\/\/ploter.ovh\/index.php\/wp-json\/wp\/v2\/pages\/135\/revisions"}],"predecessor-version":[{"id":137,"href":"https:\/\/ploter.ovh\/index.php\/wp-json\/wp\/v2\/pages\/135\/revisions\/137"}],"wp:featuredmedia":[{"embeddable":true,"href":"https:\/\/ploter.ovh\/index.php\/wp-json\/wp\/v2\/media\/136"}],"wp:attachment":[{"href":"https:\/\/ploter.ovh\/index.php\/wp-json\/wp\/v2\/media?parent=135"}],"curies":[{"name":"wp","href":"https:\/\/api.w.org\/{rel}","templated":true}]}}