{"id":14,"date":"2022-11-07T12:04:52","date_gmt":"2022-11-07T12:04:52","guid":{"rendered":"http:\/\/ploter.ovh\/?page_id=14"},"modified":"2022-11-18T13:36:05","modified_gmt":"2022-11-18T12:36:05","slug":"informacje","status":"publish","type":"page","link":"https:\/\/ploter.ovh\/","title":{"rendered":"Informacje"},"content":{"rendered":"\n<p>Od 1999 roku specjalizujemy si\u0119 w obs\u0142udze ploter\u00f3w hp designjet. Oferujemy serwis, sprzeda\u017c i eksploatacj\u0119 ploter\u00f3w tej firmy.<\/p>\n\n\n\n<p>Naprawy wykonywane s\u0105 na miejscu u Klienta. Przyjmujemy r\u00f3wnie\u017c plotery do serwisu w naszym warsztacie.<\/p>\n\n\n\n<p>Bardzo kr\u00f3tkie terminy! Naprawy ploter\u00f3w realizujemy najcz\u0119\u015bciej nast\u0119pnego dnia roboczego od momentu przyj\u0119cia zg\u0142oszenia.<\/p>\n\n\n\n<p>Posiadamy w\u0142asn\u0105 baz\u0119 cz\u0119\u015bci zamiennych, dzi\u0119ki temu wi\u0119kszo\u015b\u0107 napraw zostaje zako\u0144czona w czasie pierwszej wizyty.<\/p>\n\n\n\n<p>Posiadamy na stanie magazynowym wiele ploter\u00f3w gotowych do sprzeda\u017cy lub dzier\u017cawy.<\/p>\n\n\n\n<p>Oferujemy r\u00f3wnie\u017c skanery i zintegrowane plotery ze skanerem.<\/p>\n\n\n\n<p>Dostarczamy r\u00f3wnie\u017c materia\u0142y eksploatacyjne, takie jak g\u0142owice i tusze.<\/p>\n\n\n\n<p>Polecamy regenerowane tusze dedykowane do ploter\u00f3w hp. Dostarczamy je naszym Klientom od wielu lat. Gwarancja jako\u015bci!<\/p>\n","protected":false},"excerpt":{"rendered":"<p>Od 1999 roku specjalizujemy si\u0119 w obs\u0142udze ploter\u00f3w hp designjet. Oferujemy serwis, sprzeda\u017c i eksploatacj\u0119 ploter\u00f3w tej firmy. Naprawy wykonywane s\u0105 na miejscu u Klienta. Przyjmujemy r\u00f3wnie\u017c plotery do serwisu w naszym warsztacie. Bardzo kr\u00f3tkie terminy! Naprawy ploter\u00f3w realizujemy najcz\u0119\u015bciej nast\u0119pnego dnia roboczego od momentu przyj\u0119cia zg\u0142oszenia. Posiadamy w\u0142asn\u0105 baz\u0119 cz\u0119\u015bci zamiennych, dzi\u0119ki temu wi\u0119kszo\u015b\u0107 [&hellip;]<\/p>\n","protected":false},"author":1,"featured_media":0,"parent":0,"menu_order":0,"comment_status":"closed","ping_status":"closed","template":"","meta":{"om_disable_all_campaigns":false,"_mi_skip_tracking":false,"footnotes":""},"class_list":["post-14","page","type-page","status-publish","hentry"],"aioseo_notices":[],"_links":{"self":[{"href":"https:\/\/ploter.ovh\/index.php\/wp-json\/wp\/v2\/pages\/14","targetHints":{"allow":["GET"]}}],"collection":[{"href":"https:\/\/ploter.ovh\/index.php\/wp-json\/wp\/v2\/pages"}],"about":[{"href":"https:\/\/ploter.ovh\/index.php\/wp-json\/wp\/v2\/types\/page"}],"author":[{"embeddable":true,"href":"https:\/\/ploter.ovh\/index.php\/wp-json\/wp\/v2\/users\/1"}],"replies":[{"embeddable":true,"href":"https:\/\/ploter.ovh\/index.php\/wp-json\/wp\/v2\/comments?post=14"}],"version-history":[{"count":2,"href":"https:\/\/ploter.ovh\/index.php\/wp-json\/wp\/v2\/pages\/14\/revisions"}],"predecessor-version":[{"id":131,"href":"https:\/\/ploter.ovh\/index.php\/wp-json\/wp\/v2\/pages\/14\/revisions\/131"}],"wp:attachment":[{"href":"https:\/\/ploter.ovh\/index.php\/wp-json\/wp\/v2\/media?parent=14"}],"curies":[{"name":"wp","href":"https:\/\/api.w.org\/{rel}","templated":true}]}}